{"id":24,"date":"2020-11-19T18:49:06","date_gmt":"2020-11-19T18:49:06","guid":{"rendered":"https:\/\/gvyasociados.uy\/wp\/?page_id=24"},"modified":"2020-11-23T15:53:45","modified_gmt":"2020-11-23T15:53:45","slug":"servicios","status":"publish","type":"page","link":"https:\/\/gvyasociados.uy\/wp\/servicios\/","title":{"rendered":"Quienes somos"},"content":{"rendered":"\n<figure class=\"wp-block-image size-large is-style-rounded\"><img loading=\"lazy\" width=\"138\" height=\"183\" src=\"https:\/\/gvyasociados.uy\/wp\/wp-content\/uploads\/2020\/11\/image.png\" alt=\"\" class=\"wp-image-77\"\/><\/figure>\n\n\n\n<p><strong>Dr. Rodrigo Castillo D\u00edaz<\/strong><\/p>\n\n\n\n<p><strong>UDELAR<\/strong><\/p>\n\n\n\n<p>Cuenta con una vasta experiencia en asesoramiento de empresas, trabajando en la creaci\u00f3n y acompa\u00f1amiento de las mismas en su accionar.<\/p>\n\n\n\n<p>Fue abogado consultor de \u2013entre otras- &nbsp;TURBOMECA SAFI y CARNE ANGUS S.A, donde desarrollo la responsabilidad de revisi\u00f3n de contratos, asesoramiento integral, emisi\u00f3n de acciones y control interno de la sociedad.<\/p>\n\n\n\n<p>A su vez, debido a su v\u00ednculo con empresas familiares de diversa \u00edndole, gestiono y particip\u00f3 activamente en varias empresas, generando un fuerte expertise sobre el tema.-<\/p>\n\n\n\n<p><strong>CAPACITACIONES<\/strong><\/p>\n\n\n\n<ul><li>Maestr\u00eda Sociedad por Acciones Simplificadas. Aspectos Jur\u00eddicos, Comerciales, Tributarios y Notariales. Facultad de Derecho. Universidad de Montevideo. Junio-Setiembre de 2020.-<\/li><li>Teor\u00eda y Herramientas del Proyecto de Negociaci\u00f3n de Harvard, CMI INTERESER- 20 y 21 Julio 2017.-<\/li><li>Taller sobre Liderazgo y Responsabilidad Social \u201cEl rol del l\u00edder en las empresas y de las empresas l\u00edderes en la comunidad\u201d Damasco Branding. Setiembre 2013.-<\/li><li>Taller para la Mejora en la Selecci\u00f3n de Personal, SUMMA Consultores, a cargo del Psic. Pablo Caistabert. Julio 2011.-<\/li><li>Diploma en directrices para la mejora del desempe\u00f1o de los sistemas de gesti\u00f3n de calidad (Marco conceptual de los SGC, Normas ISO 9000, Principios de la gesti\u00f3n de calidad, Importancia de documentos y registros, Gesti\u00f3n con enfoque a procesos y de los recursos, Directrices para la mejora continua, Seguimiento y Medici\u00f3n, Liderazgo de la direcci\u00f3n) dictado por SGS Uruguay en el a\u00f1o 2011.-<\/li><li>Talleres para la implementaci\u00f3n del Sistema de Gesti\u00f3n Ambiental ISO 14001:2004 en la red de EESS Ancap. SGA DUCSA.&nbsp; Abril y Noviembre de 2010.-<\/li><li>Presentaciones orales y efectivas. SUMMA consultores. Marzo 2010.-<\/li><li>\u201cContrataci\u00f3n comercial moderna\u201d. Curso dictado por la Facultad de Ciencias Econ\u00f3micas y de Administraci\u00f3n de la Universidad de la Rep\u00fablica. A\u00f1o 2008<\/li><\/ul>\n\n\n\n<ul><li>Asistencia al XII Congreso Latinoamericano y IV Iberoamericano de Derecho penal y Criminolog\u00eda. Presentaci\u00f3n de Ponencia sobre Delitos Inform\u00e1ticos. A\u00f1o 2000.- &nbsp;Facultad de Derecho. Universidad de la Rep\u00fablica.<\/li><\/ul>\n\n\n\n<figure class=\"wp-block-table\"><table><tbody><tr><td>&nbsp;<\/td><td>&nbsp;<\/td><td>&nbsp;<\/td><\/tr><\/tbody><\/table><\/figure>\n\n\n\n<figure class=\"wp-block-table\"><table><tbody><tr><td><strong>Ingl\u00e9s<\/strong>: Dominio oral y escrito del idioma<\/td><\/tr><\/tbody><\/table><\/figure>\n","protected":false},"excerpt":{"rendered":"<p>Dr. Rodrigo Castillo D\u00edaz UDELAR Cuenta con una vasta experiencia en asesoramiento de empresas, trabajando en la creaci\u00f3n y acompa\u00f1amiento de las mismas en su accionar. Fue abogado consultor de \u2013entre otras- &nbsp;TURBOMECA SAFI y CARNE ANGUS S.A, donde desarrollo la responsabilidad de revisi\u00f3n de contratos, asesoramiento integral, emisi\u00f3n de acciones y control interno de la sociedad. A su vez, debido a su v\u00ednculo con empresas familiares de diversa \u00edndole, gestiono y particip\u00f3 activamente en varias empresas, generando un fuerte expertise sobre el tema.- CAPACITACIONES Maestr\u00eda Sociedad por Acciones Simplificadas. Aspectos Jur\u00eddicos, Comerciales, Tributarios y Notariales. Facultad de Derecho. Universidad&#8230; <\/p>\n","protected":false},"author":1,"featured_media":0,"parent":0,"menu_order":0,"comment_status":"closed","ping_status":"closed","template":"template-parts\/template-full-width.php","meta":[],"_links":{"self":[{"href":"https:\/\/gvyasociados.uy\/wp\/wp-json\/wp\/v2\/pages\/24"}],"collection":[{"href":"https:\/\/gvyasociados.uy\/wp\/wp-json\/wp\/v2\/pages"}],"about":[{"href":"https:\/\/gvyasociados.uy\/wp\/wp-json\/wp\/v2\/types\/page"}],"author":[{"embeddable":true,"href":"https:\/\/gvyasociados.uy\/wp\/wp-json\/wp\/v2\/users\/1"}],"replies":[{"embeddable":true,"href":"https:\/\/gvyasociados.uy\/wp\/wp-json\/wp\/v2\/comments?post=24"}],"version-history":[{"count":5,"href":"https:\/\/gvyasociados.uy\/wp\/wp-json\/wp\/v2\/pages\/24\/revisions"}],"predecessor-version":[{"id":81,"href":"https:\/\/gvyasociados.uy\/wp\/wp-json\/wp\/v2\/pages\/24\/revisions\/81"}],"wp:attachment":[{"href":"https:\/\/gvyasociados.uy\/wp\/wp-json\/wp\/v2\/media?parent=24"}],"curies":[{"name":"wp","href":"https:\/\/api.w.org\/{rel}","templated":true}]}}